{"id":393,"date":"2021-07-17T08:09:13","date_gmt":"2021-07-17T08:09:13","guid":{"rendered":"https:\/\/demo.athemes.com\/botiga\/?page_id=7"},"modified":"2025-06-28T09:52:30","modified_gmt":"2025-06-28T07:52:30","slug":"skill-corner-coiffure","status":"publish","type":"page","link":"https:\/\/skillcorner.ch\/index.php\/skill-corner-coiffure\/","title":{"rendered":"SALON"},"content":{"rendered":"\n<div id=\"athemes-blocks-block-6d663b03\" class=\"wp-block-athemes-athemes-blocks-block-container athemes-blocks-block athemes-blocks-block-6d663b03 athemes-blocks-block-container alignfull\"><div class=\"athemes-blocks-block-container-wrapper athemes-blocks-block-container-bg-cover athemes-blocks-block-container-bg-effect-scroll\"><div class=\"athemes-blocks-block-container-wrapper-content\">\n<div class=\"wp-block-columns is-layout-flex wp-container-core-columns-is-layout-28f84493 wp-block-columns-is-layout-flex\">\n<div class=\"wp-block-column is-layout-flow wp-block-column-is-layout-flow\">\n<figure class=\"wp-block-image size-large is-resized\"><img loading=\"lazy\" decoding=\"async\" width=\"1024\" height=\"1024\" src=\"https:\/\/skillcorner.ch\/wp-content\/uploads\/2024\/08\/Inhaberin-und-Klientin_Banner-1024x1024.jpg\" alt=\"\" class=\"wp-image-682\" style=\"width:417px;height:auto\" srcset=\"https:\/\/skillcorner.ch\/wp-content\/uploads\/2024\/08\/Inhaberin-und-Klientin_Banner-1024x1024.jpg 1024w, https:\/\/skillcorner.ch\/wp-content\/uploads\/2024\/08\/Inhaberin-und-Klientin_Banner-300x300.jpg 300w, https:\/\/skillcorner.ch\/wp-content\/uploads\/2024\/08\/Inhaberin-und-Klientin_Banner-150x150.jpg 150w, https:\/\/skillcorner.ch\/wp-content\/uploads\/2024\/08\/Inhaberin-und-Klientin_Banner-768x768.jpg 768w, https:\/\/skillcorner.ch\/wp-content\/uploads\/2024\/08\/Inhaberin-und-Klientin_Banner-1536x1536.jpg 1536w, https:\/\/skillcorner.ch\/wp-content\/uploads\/2024\/08\/Inhaberin-und-Klientin_Banner-2048x2048.jpg 2048w, https:\/\/skillcorner.ch\/wp-content\/uploads\/2024\/08\/Inhaberin-und-Klientin_Banner-1140x1140.jpg 1140w, https:\/\/skillcorner.ch\/wp-content\/uploads\/2024\/08\/Inhaberin-und-Klientin_Banner-920x920.jpg 920w, https:\/\/skillcorner.ch\/wp-content\/uploads\/2024\/08\/Inhaberin-und-Klientin_Banner-575x575.jpg 575w, https:\/\/skillcorner.ch\/wp-content\/uploads\/2024\/08\/Inhaberin-und-Klientin_Banner-380x380.jpg 380w, https:\/\/skillcorner.ch\/wp-content\/uploads\/2024\/08\/Inhaberin-und-Klientin_Banner-800x800.jpg 800w, https:\/\/skillcorner.ch\/wp-content\/uploads\/2024\/08\/Inhaberin-und-Klientin_Banner-100x100.jpg 100w\" sizes=\"auto, (max-width: 1024px) 100vw, 1024px\" \/><\/figure>\n<\/div>\n\n\n\n<div class=\"wp-block-column is-vertically-aligned-center is-layout-flow wp-block-column-is-layout-flow\">\n<p>Qualit\u00e4t und Professionalit\u00e4t stehen bei SKILL CORNER an erster Stelle. Deshalb arbeiten wir mit ausgew\u00e4hlten Partnern wie L\u2019Or\u00e9al zusammen, die unsere Werte teilen und h\u00f6chste Standards bieten.<\/p>\n<\/div>\n<\/div>\n<\/div><\/div><\/div>\n\n\n\n<div id=\"athemes-blocks-block-ff993724\" class=\"wp-block-athemes-athemes-blocks-block-container athemes-blocks-block athemes-blocks-block-ff993724 athemes-blocks-block-container alignfull\"><div class=\"athemes-blocks-block-container-wrapper athemes-blocks-block-container-bg-cover athemes-blocks-block-container-bg-effect-scroll\"><div class=\"athemes-blocks-block-container-wrapper-content\">\n<div class=\"wp-block-group alignfull is-content-justification-center\" style=\"margin-top:0;margin-bottom:0\"><div class=\"wp-block-group__inner-container is-layout-constrained wp-block-group-is-layout-constrained\">\n<div style=\"height:var(--wp--preset--spacing--20)\" aria-hidden=\"true\" class=\"wp-block-spacer\"><\/div>\n\n\n\n<div class=\"wp-block-group alignwide\"><div class=\"wp-block-group__inner-container is-layout-flow wp-block-group-is-layout-flow\">\n<div class=\"wp-block-columns alignwide are-vertically-aligned-top is-layout-flex wp-container-core-columns-is-layout-5c8fb865 wp-block-columns-is-layout-flex\">\n<div class=\"wp-block-column is-vertically-aligned-top is-content-justification-left is-layout-constrained wp-container-core-column-is-layout-95996b15 wp-block-column-is-layout-constrained\">\n<h2 class=\"wp-block-heading has-huge-font-size\">\u00abStrahlendes Haar. Strahlendes Selbst!\u00bb<\/h2>\n<\/div>\n\n\n\n<div class=\"wp-block-column is-vertically-aligned-top is-layout-flow wp-block-column-is-layout-flow\" style=\"flex-basis:40%\">\n<p>Verleihen Sie Ihrem Look das gewisse Etwas. Buchen Sie jetzt Ihren Termin!<\/p>\n\n\n\n<div class=\"wp-block-buttons is-layout-flex wp-block-buttons-is-layout-flex\">\n<div class=\"wp-block-button\"><a class=\"wp-block-button__link wp-element-button\" href=\"https:\/\/skillcorner.ch\/index.php\/termin-buchen\/\">TERMIN BUCHEN<\/a><\/div>\n<\/div>\n<\/div>\n<\/div>\n\n\n\n<div style=\"height:var(--wp--preset--spacing--20)\" aria-hidden=\"true\" class=\"wp-block-spacer\"><\/div>\n\n\n\n<figure class=\"wp-block-image size-large\"><img loading=\"lazy\" decoding=\"async\" width=\"1024\" height=\"578\" src=\"https:\/\/skillcorner.ch\/wp-content\/uploads\/2024\/08\/Salonbil_02-1024x578.jpg\" alt=\"\" class=\"wp-image-873\" style=\"aspect-ratio:16\/9;object-fit:cover\" srcset=\"https:\/\/skillcorner.ch\/wp-content\/uploads\/2024\/08\/Salonbil_02-1024x578.jpg 1024w, https:\/\/skillcorner.ch\/wp-content\/uploads\/2024\/08\/Salonbil_02-300x169.jpg 300w, https:\/\/skillcorner.ch\/wp-content\/uploads\/2024\/08\/Salonbil_02-768x434.jpg 768w, https:\/\/skillcorner.ch\/wp-content\/uploads\/2024\/08\/Salonbil_02-1536x867.jpg 1536w, https:\/\/skillcorner.ch\/wp-content\/uploads\/2024\/08\/Salonbil_02-2048x1156.jpg 2048w, https:\/\/skillcorner.ch\/wp-content\/uploads\/2024\/08\/Salonbil_02-1140x644.jpg 1140w, https:\/\/skillcorner.ch\/wp-content\/uploads\/2024\/08\/Salonbil_02-920x519.jpg 920w, https:\/\/skillcorner.ch\/wp-content\/uploads\/2024\/08\/Salonbil_02-575x325.jpg 575w, https:\/\/skillcorner.ch\/wp-content\/uploads\/2024\/08\/Salonbil_02-380x215.jpg 380w, https:\/\/skillcorner.ch\/wp-content\/uploads\/2024\/08\/Salonbil_02-800x452.jpg 800w\" sizes=\"auto, (max-width: 1024px) 100vw, 1024px\" \/><\/figure>\n<\/div><\/div>\n\n\n\n<div style=\"height:var(--wp--preset--spacing--20)\" aria-hidden=\"true\" class=\"wp-block-spacer\"><\/div>\n<\/div><\/div>\n\n\n\n<div id=\"athemes-blocks-block-ff91034b\" class=\"wp-block-athemes-athemes-blocks-block-container athemes-blocks-block athemes-blocks-block-ff91034b athemes-blocks-block-container alignfull\"><div class=\"athemes-blocks-block-container-wrapper athemes-blocks-block-container-bg-cover athemes-blocks-block-container-bg-effect-scroll\"><div class=\"athemes-blocks-block-container-wrapper-content\"><\/div><\/div><\/div>\n<\/div><\/div><\/div>\n\n\n\n<div class=\"wp-block-group alignfull has-background-color has-white-color has-black-background-color has-text-color has-background has-link-color wp-elements-36df239eab662c019df7f6e33d850ae1 is-vertical is-content-justification-stretch is-layout-flex wp-container-core-group-is-layout-48a3dbfb wp-block-group-is-layout-flex\" style=\"min-height:40vh;margin-top:0;margin-bottom:0;padding-top:var(--wp--preset--spacing--60);padding-right:var(--wp--preset--spacing--40);padding-bottom:var(--wp--preset--spacing--60);padding-left:var(--wp--preset--spacing--40)\">\n<div class=\"wp-block-columns alignwide has-small-font-size is-layout-flex wp-container-core-columns-is-layout-28f84493 wp-block-columns-is-layout-flex\">\n<div class=\"wp-block-column is-layout-flow wp-block-column-is-layout-flow\">\n<div style=\"height:24px\" aria-hidden=\"true\" class=\"wp-block-spacer\"><\/div>\n\n\n\n<div class=\"wp-block-columns is-layout-flex wp-container-core-columns-is-layout-28f84493 wp-block-columns-is-layout-flex\">\n<div class=\"wp-block-column is-layout-flow wp-block-column-is-layout-flow\">\n<div class=\"wp-block-columns is-layout-flex wp-container-core-columns-is-layout-28f84493 wp-block-columns-is-layout-flex\">\n<div class=\"wp-block-column is-layout-flow wp-block-column-is-layout-flow\">\n<div class=\"wp-block-columns is-layout-flex wp-container-core-columns-is-layout-28f84493 wp-block-columns-is-layout-flex\">\n<div class=\"wp-block-column is-layout-flow wp-block-column-is-layout-flow\" style=\"flex-basis:66.66%\"><\/div>\n<\/div>\n<\/div>\n<\/div>\n<\/div>\n\n\n\n<div class=\"wp-block-column is-layout-flow wp-block-column-is-layout-flow\">\n<p><strong>SKILL CORNER<\/strong> <br>COIFFURE <\/p>\n\n\n\n<p>Inhaberin &amp; Gesch\u00e4ftsf\u00fchrerin<br>Marvette Buckeridge<\/p>\n<\/div>\n\n\n\n<div class=\"wp-block-column is-layout-flow wp-block-column-is-layout-flow\">\n<p>Bahnhofstrasse 9 | 8304 Wallisellen <br>info@skillcorner.ch<\/p>\n<\/div>\n<\/div>\n<\/div>\n<\/div>\n<\/div>\n","protected":false},"excerpt":{"rendered":"<p>SKILL CORNER COIFFURE Inhaberin &amp; Gesch\u00e4ftsf\u00fchrerinMarvette Buckeridge Bahnhofstrasse 9 | 8304 Wallisellen info@skillcorner.ch<\/p>\n","protected":false},"author":1,"featured_media":0,"parent":0,"menu_order":0,"comment_status":"closed","ping_status":"closed","template":"","meta":{"footnotes":""},"class_list":["post-393","page","type-page","status-publish","hentry"],"_links":{"self":[{"href":"https:\/\/skillcorner.ch\/index.php\/wp-json\/wp\/v2\/pages\/393","targetHints":{"allow":["GET"]}}],"collection":[{"href":"https:\/\/skillcorner.ch\/index.php\/wp-json\/wp\/v2\/pages"}],"about":[{"href":"https:\/\/skillcorner.ch\/index.php\/wp-json\/wp\/v2\/types\/page"}],"author":[{"embeddable":true,"href":"https:\/\/skillcorner.ch\/index.php\/wp-json\/wp\/v2\/users\/1"}],"replies":[{"embeddable":true,"href":"https:\/\/skillcorner.ch\/index.php\/wp-json\/wp\/v2\/comments?post=393"}],"version-history":[{"count":25,"href":"https:\/\/skillcorner.ch\/index.php\/wp-json\/wp\/v2\/pages\/393\/revisions"}],"predecessor-version":[{"id":1381,"href":"https:\/\/skillcorner.ch\/index.php\/wp-json\/wp\/v2\/pages\/393\/revisions\/1381"}],"wp:attachment":[{"href":"https:\/\/skillcorner.ch\/index.php\/wp-json\/wp\/v2\/media?parent=393"}],"curies":[{"name":"wp","href":"https:\/\/api.w.org\/{rel}","templated":true}]}}